{"id":983,"date":"2024-01-28T15:51:02","date_gmt":"2024-01-28T15:51:02","guid":{"rendered":"https:\/\/arnhemseluchtvaartclub.nl\/?page_id=983"},"modified":"2024-01-28T19:26:52","modified_gmt":"2024-01-28T19:26:52","slug":"dlg-clinic","status":"publish","type":"page","link":"https:\/\/arnhemseluchtvaartclub.nl\/?page_id=983","title":{"rendered":"DLG clinic"},"content":{"rendered":"\t\t<div data-elementor-type=\"wp-page\" data-elementor-id=\"983\" class=\"elementor elementor-983\">\n\t\t\t\t\t\t<section class=\"elementor-section elementor-top-section elementor-element elementor-element-cb12221 elementor-section-boxed elementor-section-height-default elementor-section-height-default\" data-id=\"cb12221\" data-element_type=\"section\">\n\t\t\t\t\t\t<div class=\"elementor-container elementor-column-gap-default\">\n\t\t\t\t\t<div class=\"elementor-column elementor-col-100 elementor-top-column elementor-element elementor-element-9589070\" data-id=\"9589070\" data-element_type=\"column\">\n\t\t\t<div class=\"elementor-widget-wrap elementor-element-populated\">\n\t\t\t\t\t\t<div class=\"elementor-element elementor-element-5306c67 elementor-widget elementor-widget-text-editor\" data-id=\"5306c67\" data-element_type=\"widget\" data-widget_type=\"text-editor.default\">\n\t\t\t\t<div class=\"elementor-widget-container\">\n\t\t\t<style>\/*! elementor - v3.19.0 - 07-02-2024 *\/\n.elementor-widget-text-editor.elementor-drop-cap-view-stacked .elementor-drop-cap{background-color:#69727d;color:#fff}.elementor-widget-text-editor.elementor-drop-cap-view-framed .elementor-drop-cap{color:#69727d;border:3px solid;background-color:transparent}.elementor-widget-text-editor:not(.elementor-drop-cap-view-default) .elementor-drop-cap{margin-top:8px}.elementor-widget-text-editor:not(.elementor-drop-cap-view-default) .elementor-drop-cap-letter{width:1em;height:1em}.elementor-widget-text-editor .elementor-drop-cap{float:left;text-align:center;line-height:1;font-size:50px}.elementor-widget-text-editor .elementor-drop-cap-letter{display:inline-block}<\/style>\t\t\t\t<h2>\u00a0<\/h2><h1>DLG clinic<\/h1>\t\t\t\t\t\t<\/div>\n\t\t\t\t<\/div>\n\t\t\t\t\t<\/div>\n\t\t<\/div>\n\t\t\t\t\t<\/div>\n\t\t<\/section>\n\t\t\t\t<section class=\"elementor-section elementor-top-section elementor-element elementor-element-46ef4ab elementor-section-boxed elementor-section-height-default elementor-section-height-default\" data-id=\"46ef4ab\" data-element_type=\"section\">\n\t\t\t\t\t\t<div class=\"elementor-container elementor-column-gap-default\">\n\t\t\t\t\t<div class=\"elementor-column elementor-col-100 elementor-top-column elementor-element elementor-element-44b31f5\" data-id=\"44b31f5\" data-element_type=\"column\">\n\t\t\t<div class=\"elementor-widget-wrap elementor-element-populated\">\n\t\t\t\t\t\t<div class=\"elementor-element elementor-element-9d4ae6e elementor-widget elementor-widget-image\" data-id=\"9d4ae6e\" data-element_type=\"widget\" data-widget_type=\"image.default\">\n\t\t\t\t<div class=\"elementor-widget-container\">\n\t\t\t<style>\/*! elementor - v3.19.0 - 07-02-2024 *\/\n.elementor-widget-image{text-align:center}.elementor-widget-image a{display:inline-block}.elementor-widget-image a img[src$=\".svg\"]{width:48px}.elementor-widget-image img{vertical-align:middle;display:inline-block}<\/style>\t\t\t\t\t\t\t\t\t\t<img decoding=\"async\" src=\"https:\/\/arnhemseluchtvaartclub.nl\/wp-content\/uploads\/2024\/01\/Concept-X5-DLG-2.jpg\" title=\"Concept X5 DLG\" alt=\"Concept X5 DLG\" loading=\"lazy\" \/>\t\t\t\t\t\t\t\t\t\t\t\t\t<\/div>\n\t\t\t\t<\/div>\n\t\t\t\t\t<\/div>\n\t\t<\/div>\n\t\t\t\t\t<\/div>\n\t\t<\/section>\n\t\t\t\t<section class=\"elementor-section elementor-top-section elementor-element elementor-element-f3f1140 elementor-section-boxed elementor-section-height-default elementor-section-height-default\" data-id=\"f3f1140\" data-element_type=\"section\">\n\t\t\t\t\t\t<div class=\"elementor-container elementor-column-gap-default\">\n\t\t\t\t\t<div class=\"elementor-column elementor-col-100 elementor-top-column elementor-element elementor-element-8d319f1\" data-id=\"8d319f1\" data-element_type=\"column\">\n\t\t\t<div class=\"elementor-widget-wrap elementor-element-populated\">\n\t\t\t\t\t\t<div class=\"elementor-element elementor-element-990aec4 elementor-widget elementor-widget-text-editor\" data-id=\"990aec4\" data-element_type=\"widget\" data-widget_type=\"text-editor.default\">\n\t\t\t\t<div class=\"elementor-widget-container\">\n\t\t\t\t\t\t\t<p><strong>O<\/strong>p een fantastische mooie (thermiek technische) dag eind januari hebben een aantal leden van de Arnhemse Luchtvaart Club een clinic DLG vliegen bijgewoond op Terlet vliegveld. De organisatie en piloten van F3K Nederland (<a href=\"http:\/\/www.f3k.nl\">www.fk3.nl<\/a>) hebben deze clinic verzorgd. Wat is F3K \/ DLG? Zie de F3K Nederland website voor een goede uitleg <a href=\"https:\/\/f3k.nl\/f3k\/\">(link)<\/a>.<\/p><p><strong>W<\/strong>e zijn ontvangen in het restaurant &#8216;De Thermiek bel&#8217; op het terrein van Terlet. Na een korte briefing onder het genot van een lekker bakje koffie, direct weer naar buiten om de daad bij het woord te voegen.<\/p><p><strong>N<\/strong>atuurlijk na wat kennis maken en wat vragen gesteld te hebben over het wel en wee van DLG vliegen werd &#8220;Het werpen&#8221; onder de loep genomen. Duidelijk werd aangegeven hoe de DLG&#8217;s geworpen kunnen worden en waarom. Natuurlijk ziet het er erg eenvoudig uit omdat ervaring een grote rol herin speelt maar elke beginner kan al snel zijn DLG goed airborne krijgen. Piloten van F3K Nederland en clinic deelnemers brengen het geleerde in de praktijk. Er wordt veel gevlogen met DLG&#8217;s vervaardigd uit carbon met spanwijdte van 1.5m. Mooie kistjes die zeer rustig vliegen. E\u00e9n kistje is echter vervaardigd uit balsahout met \u00e9\u00e9n rechte staartstok van carbon. Deze &#8216;CX-Fling&#8217; is te verkrijgen als bouwkit bij <a href=\"http:\/\/aviationtoys.nl\">aviationtoys.nl<\/a> met of zonder servo&#8217;s. Sterk genoeg om mee te leren DLG vliegen. Als demo is er zelfs een raketje onder gemonteerd waardoor de CX-Fling met hoge snelheid werd gelanceerd. Zie <a href=\"https:\/\/arnhemseluchtvaartclub.nl\/wp-content\/uploads\/2024\/01\/CX-Fling-met-raket-3.mp4\">filmpje<\/a>.<\/p><p><strong>B<\/strong>ij DLG vliegen is, net als bij alle andere vormen van zweefvliegen, van belang dat je wat van thermieken af weet. Zo ook bij deze clinic is daar duidelijk uitleg over gegeven. Het ontstaan van een thermiek, hoe je deze opspoort, hoe &#8216;de natuur&#8217; verraadt waar een thermiek kan zijn. Reuze interessant en er is genoeg van op het internet terug te vinden over thermiek theorie\u00ebn. Zoek maar eens met Google naar Joe Wurts en \/ of\u00a0 Phillip Kolb thermal soaring. Mark Drela weet veel van het bouwen van gliders \/ air foils.<\/p><p><strong>A<\/strong>l met al, veel geleerd en een zeer vermakelijke dag onder het zonnetje op Terlet.<\/p>\t\t\t\t\t\t<\/div>\n\t\t\t\t<\/div>\n\t\t\t\t\t<\/div>\n\t\t<\/div>\n\t\t\t\t\t<\/div>\n\t\t<\/section>\n\t\t\t\t<section class=\"elementor-section elementor-top-section elementor-element elementor-element-fba3169 elementor-section-boxed elementor-section-height-default elementor-section-height-default\" data-id=\"fba3169\" data-element_type=\"section\">\n\t\t\t\t\t\t<div class=\"elementor-container elementor-column-gap-default\">\n\t\t\t\t\t<div class=\"elementor-column elementor-col-100 elementor-top-column elementor-element elementor-element-a486101\" data-id=\"a486101\" data-element_type=\"column\">\n\t\t\t<div class=\"elementor-widget-wrap elementor-element-populated\">\n\t\t\t\t\t\t<div class=\"elementor-element elementor-element-033eefd elementor-widget elementor-widget-image\" data-id=\"033eefd\" data-element_type=\"widget\" data-widget_type=\"image.default\">\n\t\t\t\t<div class=\"elementor-widget-container\">\n\t\t\t\t\t\t\t\t\t\t\t\t\t<img decoding=\"async\" src=\"https:\/\/arnhemseluchtvaartclub.nl\/wp-content\/uploads\/2024\/01\/CX-Fling-met-raket-2.mp4\" title=\"\" alt=\"\" loading=\"lazy\" \/>\t\t\t\t\t\t\t\t\t\t\t\t\t<\/div>\n\t\t\t\t<\/div>\n\t\t\t\t\t<\/div>\n\t\t<\/div>\n\t\t\t\t\t<\/div>\n\t\t<\/section>\n\t\t\t\t<section class=\"elementor-section elementor-top-section elementor-element elementor-element-ffb131e elementor-section-boxed elementor-section-height-default elementor-section-height-default\" data-id=\"ffb131e\" data-element_type=\"section\">\n\t\t\t\t\t\t<div class=\"elementor-container elementor-column-gap-default\">\n\t\t\t\t\t<div class=\"elementor-column elementor-col-50 elementor-top-column elementor-element elementor-element-e128dda\" data-id=\"e128dda\" data-element_type=\"column\">\n\t\t\t<div class=\"elementor-widget-wrap elementor-element-populated\">\n\t\t\t\t\t\t<div class=\"elementor-element elementor-element-68be7b7 elementor-widget elementor-widget-image\" data-id=\"68be7b7\" data-element_type=\"widget\" data-widget_type=\"image.default\">\n\t\t\t\t<div class=\"elementor-widget-container\">\n\t\t\t\t\t\t\t\t\t\t<figure class=\"wp-caption\">\n\t\t\t\t\t\t\t\t\t\t\t<a href=\"https:\/\/arnhemseluchtvaartclub.nl\/wp-content\/uploads\/2024\/01\/CX-Fling-met-raket-3.mp4\">\n\t\t\t\t\t\t\t<img fetchpriority=\"high\" decoding=\"async\" width=\"1024\" height=\"612\" src=\"https:\/\/arnhemseluchtvaartclub.nl\/wp-content\/uploads\/2024\/01\/Fling-met-raket-1024x612.png\" class=\"attachment-large size-large wp-image-1003\" alt=\"\" srcset=\"https:\/\/arnhemseluchtvaartclub.nl\/wp-content\/uploads\/2024\/01\/Fling-met-raket-1024x612.png 1024w, https:\/\/arnhemseluchtvaartclub.nl\/wp-content\/uploads\/2024\/01\/Fling-met-raket-300x179.png 300w, https:\/\/arnhemseluchtvaartclub.nl\/wp-content\/uploads\/2024\/01\/Fling-met-raket-768x459.png 768w, https:\/\/arnhemseluchtvaartclub.nl\/wp-content\/uploads\/2024\/01\/Fling-met-raket.png 1141w\" sizes=\"(max-width: 1024px) 100vw, 1024px\" \/>\t\t\t\t\t\t\t\t<\/a>\n\t\t\t\t\t\t\t\t\t\t\t<figcaption class=\"widget-image-caption wp-caption-text\">CX-Fling met raket<\/figcaption>\n\t\t\t\t\t\t\t\t\t\t<\/figure>\n\t\t\t\t\t\t\t<\/div>\n\t\t\t\t<\/div>\n\t\t\t\t\t<\/div>\n\t\t<\/div>\n\t\t\t\t<div class=\"elementor-column elementor-col-50 elementor-top-column elementor-element elementor-element-d170d8b\" data-id=\"d170d8b\" data-element_type=\"column\">\n\t\t\t<div class=\"elementor-widget-wrap elementor-element-populated\">\n\t\t\t\t\t\t<div class=\"elementor-element elementor-element-61a1228 elementor-widget elementor-widget-image\" data-id=\"61a1228\" data-element_type=\"widget\" data-widget_type=\"image.default\">\n\t\t\t\t<div class=\"elementor-widget-container\">\n\t\t\t\t\t\t\t\t\t\t<figure class=\"wp-caption\">\n\t\t\t\t\t\t\t\t\t\t<img decoding=\"async\" width=\"1375\" height=\"955\" src=\"https:\/\/arnhemseluchtvaartclub.nl\/wp-content\/uploads\/2024\/01\/DLG-clinic-Terlet.jpeg\" class=\"attachment-full size-full wp-image-1010\" alt=\"DLG clinic Terlet\" srcset=\"https:\/\/arnhemseluchtvaartclub.nl\/wp-content\/uploads\/2024\/01\/DLG-clinic-Terlet.jpeg 1375w, https:\/\/arnhemseluchtvaartclub.nl\/wp-content\/uploads\/2024\/01\/DLG-clinic-Terlet-300x208.jpeg 300w, https:\/\/arnhemseluchtvaartclub.nl\/wp-content\/uploads\/2024\/01\/DLG-clinic-Terlet-1024x711.jpeg 1024w, https:\/\/arnhemseluchtvaartclub.nl\/wp-content\/uploads\/2024\/01\/DLG-clinic-Terlet-768x533.jpeg 768w\" sizes=\"(max-width: 1375px) 100vw, 1375px\" \/>\t\t\t\t\t\t\t\t\t\t\t<figcaption class=\"widget-image-caption wp-caption-text\">DLG clinic Terlet<\/figcaption>\n\t\t\t\t\t\t\t\t\t\t<\/figure>\n\t\t\t\t\t\t\t<\/div>\n\t\t\t\t<\/div>\n\t\t\t\t\t<\/div>\n\t\t<\/div>\n\t\t\t\t\t<\/div>\n\t\t<\/section>\n\t\t\t\t<\/div>\n\t\t","protected":false},"excerpt":{"rendered":"<p>\u00a0 DLG clinic Op een fantastische mooie (thermiek technische) dag eind januari hebben een aantal leden van de Arnhemse Luchtvaart Club een clinic DLG vliegen bijgewoond op Terlet vliegveld. De organisatie en piloten van F3K Nederland (www.fk3.nl) hebben deze clinic verzorgd. Wat is F3K \/ DLG? Zie de F3K Nederland website voor een goede uitleg &hellip;<\/p>\n<p class=\"read-more\"> <a class=\"\" href=\"https:\/\/arnhemseluchtvaartclub.nl\/?page_id=983\"> <span class=\"screen-reader-text\">DLG clinic<\/span> Lees meer &raquo;<\/a><\/p>\n","protected":false},"author":1,"featured_media":0,"parent":0,"menu_order":0,"comment_status":"closed","ping_status":"closed","template":"","meta":{"site-sidebar-layout":"no-sidebar","site-content-layout":"page-builder","ast-global-header-display":"","ast-banner-title-visibility":"","ast-main-header-display":"","ast-hfb-above-header-display":"","ast-hfb-below-header-display":"","ast-hfb-mobile-header-display":"","site-post-title":"disabled","ast-breadcrumbs-content":"","ast-featured-img":"disabled","footer-sml-layout":"","theme-transparent-header-meta":"","adv-header-id-meta":"","stick-header-meta":"","header-above-stick-meta":"","header-main-stick-meta":"","header-below-stick-meta":"","footnotes":""},"class_list":["post-983","page","type-page","status-publish","hentry"],"_links":{"self":[{"href":"https:\/\/arnhemseluchtvaartclub.nl\/index.php?rest_route=\/wp\/v2\/pages\/983","targetHints":{"allow":["GET"]}}],"collection":[{"href":"https:\/\/arnhemseluchtvaartclub.nl\/index.php?rest_route=\/wp\/v2\/pages"}],"about":[{"href":"https:\/\/arnhemseluchtvaartclub.nl\/index.php?rest_route=\/wp\/v2\/types\/page"}],"author":[{"embeddable":true,"href":"https:\/\/arnhemseluchtvaartclub.nl\/index.php?rest_route=\/wp\/v2\/users\/1"}],"replies":[{"embeddable":true,"href":"https:\/\/arnhemseluchtvaartclub.nl\/index.php?rest_route=%2Fwp%2Fv2%2Fcomments&post=983"}],"version-history":[{"count":79,"href":"https:\/\/arnhemseluchtvaartclub.nl\/index.php?rest_route=\/wp\/v2\/pages\/983\/revisions"}],"predecessor-version":[{"id":1075,"href":"https:\/\/arnhemseluchtvaartclub.nl\/index.php?rest_route=\/wp\/v2\/pages\/983\/revisions\/1075"}],"wp:attachment":[{"href":"https:\/\/arnhemseluchtvaartclub.nl\/index.php?rest_route=%2Fwp%2Fv2%2Fmedia&parent=983"}],"curies":[{"name":"wp","href":"https:\/\/api.w.org\/{rel}","templated":true}]}}